{"id":3378,"date":"2018-06-26T13:17:05","date_gmt":"2018-06-26T11:17:05","guid":{"rendered":"http:\/\/agrarprodukte-wildenhain.de\/ezg-agrar-wildenhain\/?page_id=3378"},"modified":"2026-01-07T08:11:31","modified_gmt":"2026-01-07T07:11:31","slug":"impressum","status":"publish","type":"page","link":"https:\/\/agrarprodukte-wildenhain.de\/ezg-agrar-wildenhain\/kontakt\/impressum\/","title":{"rendered":"IMPRESSUM"},"content":{"rendered":"<div id='av_section_1'  class='avia-section av-87lkpk-759479500a45046e1f626d7588c9ed70 main_color avia-section-large avia-no-border-styling  avia-builder-el-0  avia-builder-el-no-sibling  avia-bg-style-scroll container_wrap sidebar_right'  ><div class='container av-section-cont-open' ><main  role=\"main\" itemprop=\"mainContentOfPage\"  class='template-page content  av-content-small alpha units'><div class='post-entry post-entry-type-page post-entry-3378'><div class='entry-content-wrapper clearfix'>\n\n<style type=\"text\/css\" data-created_by=\"avia_inline_auto\" id=\"style-css-av-24mcg2-d877dafacf3c91353a527a10361b60e9\">\n#top .av-special-heading.av-24mcg2-d877dafacf3c91353a527a10361b60e9{\npadding-bottom:10px;\n}\nbody .av-special-heading.av-24mcg2-d877dafacf3c91353a527a10361b60e9 .av-special-heading-tag .heading-char{\nfont-size:25px;\n}\n.av-special-heading.av-24mcg2-d877dafacf3c91353a527a10361b60e9 .av-subheading{\nfont-size:15px;\n}\n<\/style>\n<div  class='av-special-heading av-24mcg2-d877dafacf3c91353a527a10361b60e9 av-special-heading-h1 blockquote modern-quote  avia-builder-el-1  el_before_av_three_fifth  avia-builder-el-first '><h1 class='av-special-heading-tag '  itemprop=\"headline\"  >Impressum<\/h1><div class=\"special-heading-border\"><div class=\"special-heading-inner-border\"><\/div><\/div><\/div>\n\n<style type=\"text\/css\" data-created_by=\"avia_inline_auto\" id=\"style-css-av-63mnx4-480b5f5adb503f196c9b0a91876cf346\">\n.flex_column.av-63mnx4-480b5f5adb503f196c9b0a91876cf346{\nborder-radius:0px 0px 0px 0px;\npadding:0px 0px 0px 0px;\n}\n<\/style>\n<div  class='flex_column av-63mnx4-480b5f5adb503f196c9b0a91876cf346 av_three_fifth  avia-builder-el-2  el_after_av_heading  el_before_av_two_fifth  first flex_column_div av-zero-column-padding  '     ><section  class='av_textblock_section av-jivimjhz-094fc03a1b697c89f1a9dd111675ad94 '   itemscope=\"itemscope\" itemtype=\"https:\/\/schema.org\/CreativeWork\" ><div class='avia_textblock'  itemprop=\"text\" ><p><strong>Angaben gem\u00e4\u00df \u00a7 5 TMG<\/strong><\/p>\n<p>Vorstand: Mandy Mei\u00dfner (Vorsitzender), Daniel Hegewald (Stellvertreter)<br \/>\nAufsichtsratsvorsitzender: Matthias B\u00f6bel<br \/>\nErzeugergemeinschaft Agrarprodukte e.G. Wildenhain<br \/>\nLeitpflock 5<br \/>\n04862 Mockrehna<\/p>\n<p>Genossenschaftsregister: GenR 0231<br \/>\nRegistergericht: Amtsgericht Leipzig<\/p>\n<p><strong>Kontakt<\/strong><br \/>\nTelefon: +49 (0) 342 44 50 249<br \/>\nTelefax: +49 (0) 342 44 50 240<br \/>\nE-Mail: <a href=\"mailto:verwaltung@eg-wildenhain.de\">verwaltung@eg-wildenhain.de<\/a><\/p>\n<p>Umsatzsteuer-ID<br \/>\nUmsatzsteuer-Identifikationsnummer gem\u00e4\u00df \u00a727 a Umsatzsteuergesetz:<br \/>\nDE 14 17 38 490<\/p>\n<p>Gesetzliche Berufsbezeichnung: Landwirt, Deutschland<\/p>\n<p>Kontrollstelle: Gr\u00fcnstempel \u2013 \u00d6kopr\u00fcfstelle e.V.<\/p>\n<p>EU-Kontrollstelle f\u00fcr \u00d6kologische Erzeugung und Verarbeitung Landwirtschaftlicher Produkte<br \/>\nWindm\u00fchlenstra\u00dfe 25d<br \/>\n39164 Wanzleben<br \/>\nTel.: 03 92 09 \/ 69 68 &#8211; 0<\/p>\n<p>DE-\u00d6KO-021<\/p>\n<p>Verband:<br \/>\nBiokreis e.V.<br \/>\nStelzlhof 1<br \/>\n94034 Passau<br \/>\nTe.: 0851 \/ 75 65 0-0<\/p>\n<p>Betriebsnummer: 69019<\/p>\n<p>Aufsichtsbeh\u00f6rde<br \/>\nPru\u0308fverband: Genossenschaftsverband &#8211; Verband der Regionen<br \/>\nAugustusplatz 9 &#8211; 11<br \/>\n04109 Leipzig<\/p>\n<p>Angaben zur Berufshaftpflichtversicherung<br \/>\nName und Sitz des Versicherers:<br \/>\nHDI Global SE<br \/>\nNiederlassung Leipzig<br \/>\nEisenbahnstra\u00dfe 1 &#8211; 3<br \/>\n04315 Leipzig<br \/>\nGeltungsraum der Versicherung:<br \/>\nDeutschland<\/p>\n<p><strong>Streitschlichtung<\/strong><br \/>\nDie Europ\u00e4ische Kommission stellt eine Plattform zur Online-Streitbeilegung (OS) bereit: <a href=\"https:\/\/ec.europa.eu\/consumers\/odr\">https:\/\/ec.europa.eu\/consumers\/odr<\/a>. Unsere E-Mail-Adresse finden Sie oben im Impressum. Wir sind nicht bereit oder verpflichtet, an Streitbeilegungsverfahren vor einer Verbraucherschlichtungsstelle teilzunehmen.<\/p>\n<hr \/>\n<p><strong>Bildverwendungsnachweis<\/strong><\/p>\n<p>Bilder der Wildenhainer Agrar GmbH<br \/>\nBilder von Fotolia.de<\/p>\n<ul>\n<li>White and brown eggs Datei: #76249398 | Urheber: Ingo Bartussek<\/li>\n<li>chicken on traditional free range poultry Datei: #79087440 | Urheber: teamfoto<\/li>\n<li>Chickens In A Field Datei: #100624740 | Urheber: FiledIMAGE<\/li>\n<li>Young sugar beet plant in field. Datei: #154379829 | Urheber: maticsandra<\/li>\n<li>Seamless texture hay, straw Datei: #198591049 | Urheber: Maksim<\/li>\n<li>Getreideballen aus Stroh Datei: #69059008 | Urheber: Gina Sanders<\/li>\n<li>ein Ei Datei: #31333594 | Urheber: Torbz<\/li>\n<li>drei Eier Datei: #32420499 | Urheber: Thomas Francois<\/li>\n<li>Roosters and hens on a traditional poultry farm. Agriculture. Datei: #204854749 | Urheber: Anna<\/li>\n<li>Female Pupil With Healthy Lunch In School Canteen Datei: #81388730 | Urheber: highwaystarz<\/li>\n<li>Men\u00fc in der Mensa Schulmensa Essen Datei: #42317016 | Urheber: Gerhard Seybert<\/li>\n<li>Canteen serving tray healthy food fresh salad Datei: #41595824 | Urheber: CandyBox Images<\/li>\n<\/ul>\n<hr \/>\n<div>\n<section>\n<div>\n<p><strong>Homepagegestaltung<\/strong><\/p>\n<p>Designplanung Reiprich | Werbeagentur<br \/>\nAltenburger Str. 13<br \/>\n04275 Leipzig<br \/>\nHomepage: <a href=\"http:\/\/www.designplanung.com\" target=\"_blank\" rel=\"noopener\">www.designplanung.com<\/a><br \/>\nEventmodule: <a href=\"https:\/\/tourbahn.de\/rennsimulator-fahrsimulator-mieten\" target=\"_blank\" rel=\"noopener\">Rennsimulatoren<\/a> |\u00a0<a href=\"https:\/\/miximo.de\/\" target=\"_blank\" rel=\"noopener\">Cocktailbars<\/a> | <a href=\"https:\/\/hochzeitsauto-leipzig.com\/\" target=\"_blank\" rel=\"noopener\">Hochzeitsoldtimer<\/a> | <a href=\"https:\/\/glitzerbus.de\" target=\"_blank\" rel=\"noopener\">Fotobus<\/a> | <a href=\"https:\/\/tourbahn.de\/\" target=\"_blank\" rel=\"noopener\">Autorennbahnen<\/a><\/p>\n<\/div>\n<\/section>\n<\/div>\n<\/div><\/section><\/div>\n<style type=\"text\/css\" data-created_by=\"avia_inline_auto\" id=\"style-css-av-63mnx4-2-f4d19bf371c15934325b08576dccb780\">\n.flex_column.av-63mnx4-2-f4d19bf371c15934325b08576dccb780{\nborder-radius:0px 0px 0px 0px;\npadding:0px 0px 0px 0px;\n}\n<\/style>\n<div  class='flex_column av-63mnx4-2-f4d19bf371c15934325b08576dccb780 av_two_fifth  avia-builder-el-4  el_after_av_three_fifth  avia-builder-el-last  flex_column_div av-zero-column-padding  '     ><style type=\"text\/css\" data-created_by=\"avia_inline_auto\" id=\"style-css-av-jivimjhz-1-d62d4f99fba67ed900acd92236f84ec0\">\n#top .av_textblock_section.av-jivimjhz-1-d62d4f99fba67ed900acd92236f84ec0 .avia_textblock{\nfont-size:13px;\n}\n<\/style>\n<section  class='av_textblock_section av-jivimjhz-1-d62d4f99fba67ed900acd92236f84ec0 '   itemscope=\"itemscope\" itemtype=\"https:\/\/schema.org\/CreativeWork\" ><div class='avia_textblock'  itemprop=\"text\" ><p><strong>Haftung f\u00fcr Inhalte<\/strong><br \/>\nAls Diensteanbieter sind wir gem\u00e4\u00df \u00a7 7 Abs.1 TMG f\u00fcr eigene Inhalte auf diesen Seiten nach den allgemeinen Gesetzen\u00a0 verantwortlich. Nach \u00a7\u00a7 8 bis 10 TMG sind wir als Diensteanbieter jedoch nicht verpflichtet, \u00fcbermittelte oder gespeicherte fremde Informationen zu \u00fcberwachen oder nach Umst\u00e4nden zu forschen, die auf eine rechtswidrige T\u00e4tigkeit hinweisen. Verpflichtungen zur Entfernung oder Sperrung der Nutzung von Informationen nach den allgemeinen Gesetzen bleiben hiervon unber\u00fchrt. Eine diesbez\u00fcgliche Haftung ist jedoch erst ab dem Zeitpunkt der Kenntnis einer konkreten Rechtsverletzung m\u00f6glich. Bei\u00a0 Bekanntwerden von entsprechenden Rechtsverletzungen werden wir diese Inhalte umgehend entfernen.<\/p>\n<p><strong>Haftung f\u00fcr Links<\/strong><br \/>\nUnser Angebot enth\u00e4lt Links zu externen Websites Dritter, auf deren Inhalte wir keinen Einfluss haben. Deshalb k\u00f6nnen wir f\u00fcr diese fremden Inhalte auch keine Gew\u00e4hr \u00fcbernehmen. F\u00fcr die Inhalte der verlinkten Seiten ist stets der jeweilige Anbieter oder Betreiber der Seiten verantwortlich. Die verlinkten Seiten wurden zum Zeitpunkt der Verlinkung auf m\u00f6gliche Rechtsverst\u00f6\u00dfe \u00fcberpr\u00fcft. Rechtswidrige Inhalte waren zum Zeitpunkt der Verlinkung nicht erkennbar. Eine permanente inhaltliche Kontrolle der verlinkten Seiten ist jedoch ohne konkrete Anhaltspunkte einer Rechtsverletzung nicht zumutbar. Bei Bekanntwerden von Rechtsverletzungen werden wir derartige Links umgehend entfernen.<\/p>\n<p><strong>Urheberrecht<\/strong><br \/>\nDie durch die Seitenbetreiber erstellten Inhalte und Werke auf diesen Seiten unterliegen dem deutschen Urheberrecht. Die Vervielf\u00e4ltigung, Bearbeitung, Verbreitung und jede Art der Verwertung au\u00dferhalb der Grenzen des Urheberrechtes bed\u00fcrfen der schriftlichen Zustimmung des jeweiligen Autors bzw. Erstellers. Downloads und Kopien dieser Seite sind nur f\u00fcr den privaten, nicht kommerziellen Gebrauch gestattet. Soweit die Inhalte auf dieser Seite nicht vom Betreiber erstellt wurden, werden die Urheberrechte Dritter beachtet. Insbesondere werden Inhalte Dritter als solche gekennzeichnet. Sollten Sie trotzdem auf eine Urheberrechtsverletzung aufmerksam werden, bitten wir um einen entsprechenden Hinweis. Bei Bekanntwerden von Rechtsverletzungen werden wir derartige Inhalte umgehend entfernen.<\/p>\n<p>Quelle: <a href=\"https:\/\/www.e-recht24.de\/\">eRecht24<\/a><\/p>\n<\/div><\/section><\/div><\/div><\/div><\/main><!-- close content main element --><\/div><\/div><div id='after_section_1'  class='main_color av_default_container_wrap container_wrap sidebar_right'  ><div class='container av-section-cont-open' ><div class='template-page content  av-content-small alpha units'><div class='post-entry post-entry-type-page post-entry-3378'><div class='entry-content-wrapper clearfix'>\n","protected":false},"excerpt":{"rendered":"","protected":false},"author":1,"featured_media":0,"parent":3346,"menu_order":0,"comment_status":"closed","ping_status":"closed","template":"","meta":{"footnotes":""},"class_list":["post-3378","page","type-page","status-publish","hentry"],"yoast_head":"<!-- This site is optimized with the Yoast SEO plugin v26.6 - https:\/\/yoast.com\/wordpress\/plugins\/seo\/ -->\n<title>IMPRESSUM - Erzeugergemeinschaft Agrarprodukte e.G. Wildenhain<\/title>\n<meta name=\"robots\" content=\"index, follow, max-snippet:-1, max-image-preview:large, max-video-preview:-1\" \/>\n<link rel=\"canonical\" href=\"https:\/\/agrarprodukte-wildenhain.de\/ezg-agrar-wildenhain\/kontakt\/impressum\/\" \/>\n<meta property=\"og:locale\" content=\"de_DE\" \/>\n<meta property=\"og:type\" content=\"article\" \/>\n<meta property=\"og:title\" content=\"IMPRESSUM - Erzeugergemeinschaft Agrarprodukte e.G. Wildenhain\" \/>\n<meta property=\"og:url\" content=\"https:\/\/agrarprodukte-wildenhain.de\/ezg-agrar-wildenhain\/kontakt\/impressum\/\" \/>\n<meta property=\"og:site_name\" content=\"Erzeugergemeinschaft Agrarprodukte e.G. Wildenhain\" \/>\n<meta property=\"article:modified_time\" content=\"2026-01-07T07:11:31+00:00\" \/>\n<meta name=\"twitter:card\" content=\"summary_large_image\" \/>\n<meta name=\"twitter:label1\" content=\"Gesch\u00e4tzte Lesezeit\" \/>\n\t<meta name=\"twitter:data1\" content=\"4\u00a0Minuten\" \/>\n<script type=\"application\/ld+json\" class=\"yoast-schema-graph\">{\"@context\":\"https:\/\/schema.org\",\"@graph\":[{\"@type\":\"WebPage\",\"@id\":\"https:\/\/agrarprodukte-wildenhain.de\/ezg-agrar-wildenhain\/kontakt\/impressum\/\",\"url\":\"https:\/\/agrarprodukte-wildenhain.de\/ezg-agrar-wildenhain\/kontakt\/impressum\/\",\"name\":\"IMPRESSUM - Erzeugergemeinschaft Agrarprodukte e.G. Wildenhain\",\"isPartOf\":{\"@id\":\"https:\/\/agrarprodukte-wildenhain.de\/ezg-agrar-wildenhain\/#website\"},\"datePublished\":\"2018-06-26T11:17:05+00:00\",\"dateModified\":\"2026-01-07T07:11:31+00:00\",\"breadcrumb\":{\"@id\":\"https:\/\/agrarprodukte-wildenhain.de\/ezg-agrar-wildenhain\/kontakt\/impressum\/#breadcrumb\"},\"inLanguage\":\"de\",\"potentialAction\":[{\"@type\":\"ReadAction\",\"target\":[\"https:\/\/agrarprodukte-wildenhain.de\/ezg-agrar-wildenhain\/kontakt\/impressum\/\"]}]},{\"@type\":\"BreadcrumbList\",\"@id\":\"https:\/\/agrarprodukte-wildenhain.de\/ezg-agrar-wildenhain\/kontakt\/impressum\/#breadcrumb\",\"itemListElement\":[{\"@type\":\"ListItem\",\"position\":1,\"name\":\"Startseite\",\"item\":\"https:\/\/agrarprodukte-wildenhain.de\/ezg-agrar-wildenhain\/\"},{\"@type\":\"ListItem\",\"position\":2,\"name\":\"KONTAKT\",\"item\":\"https:\/\/agrarprodukte-wildenhain.de\/ezg-agrar-wildenhain\/kontakt\/\"},{\"@type\":\"ListItem\",\"position\":3,\"name\":\"IMPRESSUM\"}]},{\"@type\":\"WebSite\",\"@id\":\"https:\/\/agrarprodukte-wildenhain.de\/ezg-agrar-wildenhain\/#website\",\"url\":\"https:\/\/agrarprodukte-wildenhain.de\/ezg-agrar-wildenhain\/\",\"name\":\"Erzeugergemeinschaft Agrarprodukte e.G. Wildenhain\",\"description\":\"Bioprodukte aus Wildenhain \/ D\u00fcbener Heide bei Mockrehna\",\"publisher\":{\"@id\":\"https:\/\/agrarprodukte-wildenhain.de\/ezg-agrar-wildenhain\/#organization\"},\"potentialAction\":[{\"@type\":\"SearchAction\",\"target\":{\"@type\":\"EntryPoint\",\"urlTemplate\":\"https:\/\/agrarprodukte-wildenhain.de\/ezg-agrar-wildenhain\/?s={search_term_string}\"},\"query-input\":{\"@type\":\"PropertyValueSpecification\",\"valueRequired\":true,\"valueName\":\"search_term_string\"}}],\"inLanguage\":\"de\"},{\"@type\":\"Organization\",\"@id\":\"https:\/\/agrarprodukte-wildenhain.de\/ezg-agrar-wildenhain\/#organization\",\"name\":\"Erzeugergemeinschaft Agrar e.G. Wildenhain\",\"url\":\"https:\/\/agrarprodukte-wildenhain.de\/ezg-agrar-wildenhain\/\",\"logo\":{\"@type\":\"ImageObject\",\"inLanguage\":\"de\",\"@id\":\"https:\/\/agrarprodukte-wildenhain.de\/ezg-agrar-wildenhain\/#\/schema\/logo\/image\/\",\"url\":\"https:\/\/agrarprodukte-wildenhain.de\/ezg-agrar-wildenhain\/wp-content\/uploads\/2019\/02\/Agrarprodukte-Logo.gif\",\"contentUrl\":\"https:\/\/agrarprodukte-wildenhain.de\/ezg-agrar-wildenhain\/wp-content\/uploads\/2019\/02\/Agrarprodukte-Logo.gif\",\"width\":500,\"height\":150,\"caption\":\"Erzeugergemeinschaft Agrar e.G. Wildenhain\"},\"image\":{\"@id\":\"https:\/\/agrarprodukte-wildenhain.de\/ezg-agrar-wildenhain\/#\/schema\/logo\/image\/\"}}]}<\/script>\n<!-- \/ Yoast SEO plugin. -->","yoast_head_json":{"title":"IMPRESSUM - Erzeugergemeinschaft Agrarprodukte e.G. Wildenhain","robots":{"index":"index","follow":"follow","max-snippet":"max-snippet:-1","max-image-preview":"max-image-preview:large","max-video-preview":"max-video-preview:-1"},"canonical":"https:\/\/agrarprodukte-wildenhain.de\/ezg-agrar-wildenhain\/kontakt\/impressum\/","og_locale":"de_DE","og_type":"article","og_title":"IMPRESSUM - Erzeugergemeinschaft Agrarprodukte e.G. Wildenhain","og_url":"https:\/\/agrarprodukte-wildenhain.de\/ezg-agrar-wildenhain\/kontakt\/impressum\/","og_site_name":"Erzeugergemeinschaft Agrarprodukte e.G. Wildenhain","article_modified_time":"2026-01-07T07:11:31+00:00","twitter_card":"summary_large_image","twitter_misc":{"Gesch\u00e4tzte Lesezeit":"4\u00a0Minuten"},"schema":{"@context":"https:\/\/schema.org","@graph":[{"@type":"WebPage","@id":"https:\/\/agrarprodukte-wildenhain.de\/ezg-agrar-wildenhain\/kontakt\/impressum\/","url":"https:\/\/agrarprodukte-wildenhain.de\/ezg-agrar-wildenhain\/kontakt\/impressum\/","name":"IMPRESSUM - Erzeugergemeinschaft Agrarprodukte e.G. Wildenhain","isPartOf":{"@id":"https:\/\/agrarprodukte-wildenhain.de\/ezg-agrar-wildenhain\/#website"},"datePublished":"2018-06-26T11:17:05+00:00","dateModified":"2026-01-07T07:11:31+00:00","breadcrumb":{"@id":"https:\/\/agrarprodukte-wildenhain.de\/ezg-agrar-wildenhain\/kontakt\/impressum\/#breadcrumb"},"inLanguage":"de","potentialAction":[{"@type":"ReadAction","target":["https:\/\/agrarprodukte-wildenhain.de\/ezg-agrar-wildenhain\/kontakt\/impressum\/"]}]},{"@type":"BreadcrumbList","@id":"https:\/\/agrarprodukte-wildenhain.de\/ezg-agrar-wildenhain\/kontakt\/impressum\/#breadcrumb","itemListElement":[{"@type":"ListItem","position":1,"name":"Startseite","item":"https:\/\/agrarprodukte-wildenhain.de\/ezg-agrar-wildenhain\/"},{"@type":"ListItem","position":2,"name":"KONTAKT","item":"https:\/\/agrarprodukte-wildenhain.de\/ezg-agrar-wildenhain\/kontakt\/"},{"@type":"ListItem","position":3,"name":"IMPRESSUM"}]},{"@type":"WebSite","@id":"https:\/\/agrarprodukte-wildenhain.de\/ezg-agrar-wildenhain\/#website","url":"https:\/\/agrarprodukte-wildenhain.de\/ezg-agrar-wildenhain\/","name":"Erzeugergemeinschaft Agrarprodukte e.G. Wildenhain","description":"Bioprodukte aus Wildenhain \/ D\u00fcbener Heide bei Mockrehna","publisher":{"@id":"https:\/\/agrarprodukte-wildenhain.de\/ezg-agrar-wildenhain\/#organization"},"potentialAction":[{"@type":"SearchAction","target":{"@type":"EntryPoint","urlTemplate":"https:\/\/agrarprodukte-wildenhain.de\/ezg-agrar-wildenhain\/?s={search_term_string}"},"query-input":{"@type":"PropertyValueSpecification","valueRequired":true,"valueName":"search_term_string"}}],"inLanguage":"de"},{"@type":"Organization","@id":"https:\/\/agrarprodukte-wildenhain.de\/ezg-agrar-wildenhain\/#organization","name":"Erzeugergemeinschaft Agrar e.G. Wildenhain","url":"https:\/\/agrarprodukte-wildenhain.de\/ezg-agrar-wildenhain\/","logo":{"@type":"ImageObject","inLanguage":"de","@id":"https:\/\/agrarprodukte-wildenhain.de\/ezg-agrar-wildenhain\/#\/schema\/logo\/image\/","url":"https:\/\/agrarprodukte-wildenhain.de\/ezg-agrar-wildenhain\/wp-content\/uploads\/2019\/02\/Agrarprodukte-Logo.gif","contentUrl":"https:\/\/agrarprodukte-wildenhain.de\/ezg-agrar-wildenhain\/wp-content\/uploads\/2019\/02\/Agrarprodukte-Logo.gif","width":500,"height":150,"caption":"Erzeugergemeinschaft Agrar e.G. Wildenhain"},"image":{"@id":"https:\/\/agrarprodukte-wildenhain.de\/ezg-agrar-wildenhain\/#\/schema\/logo\/image\/"}}]}},"_links":{"self":[{"href":"https:\/\/agrarprodukte-wildenhain.de\/ezg-agrar-wildenhain\/wp-json\/wp\/v2\/pages\/3378","targetHints":{"allow":["GET"]}}],"collection":[{"href":"https:\/\/agrarprodukte-wildenhain.de\/ezg-agrar-wildenhain\/wp-json\/wp\/v2\/pages"}],"about":[{"href":"https:\/\/agrarprodukte-wildenhain.de\/ezg-agrar-wildenhain\/wp-json\/wp\/v2\/types\/page"}],"author":[{"embeddable":true,"href":"https:\/\/agrarprodukte-wildenhain.de\/ezg-agrar-wildenhain\/wp-json\/wp\/v2\/users\/1"}],"replies":[{"embeddable":true,"href":"https:\/\/agrarprodukte-wildenhain.de\/ezg-agrar-wildenhain\/wp-json\/wp\/v2\/comments?post=3378"}],"version-history":[{"count":39,"href":"https:\/\/agrarprodukte-wildenhain.de\/ezg-agrar-wildenhain\/wp-json\/wp\/v2\/pages\/3378\/revisions"}],"predecessor-version":[{"id":4662,"href":"https:\/\/agrarprodukte-wildenhain.de\/ezg-agrar-wildenhain\/wp-json\/wp\/v2\/pages\/3378\/revisions\/4662"}],"up":[{"embeddable":true,"href":"https:\/\/agrarprodukte-wildenhain.de\/ezg-agrar-wildenhain\/wp-json\/wp\/v2\/pages\/3346"}],"wp:attachment":[{"href":"https:\/\/agrarprodukte-wildenhain.de\/ezg-agrar-wildenhain\/wp-json\/wp\/v2\/media?parent=3378"}],"curies":[{"name":"wp","href":"https:\/\/api.w.org\/{rel}","templated":true}]}}